{"id":7567,"date":"2015-02-26T09:16:15","date_gmt":"2015-02-26T08:16:15","guid":{"rendered":"http:\/\/www.helenefm.com\/?page_id=7567"},"modified":"2024-05-22T10:51:04","modified_gmt":"2024-05-22T08:51:04","slug":"passer-une-annonce","status":"publish","type":"page","link":"https:\/\/www.helenefm.com\/?page_id=7567","title":{"rendered":"ENTREPRISES \/ COLLECTIVIT\u00c9S"},"content":{"rendered":"<p><strong>Notre service de conseil en communication se tient \u00e0 votre disposition pour toute demande de campagnes publicitaires, qu&rsquo;elles soient de notori\u00e9t\u00e9 ou ponctuelles pour annoncer vos \u00e9v\u00e8nements, offres promotionnelles ou portes ouvertes&#8230;<\/strong><\/p>\n<p><strong>N&rsquo;h\u00e9sitez pas \u00e0 contacter le 05 46 07 13 51 pour tous renseignements ou demandes de devis.<\/strong><\/p>\n<hr>\n\n<div class=\"wpcf7 no-js\" id=\"wpcf7-f149-o1\" lang=\"fr-FR\" dir=\"ltr\" data-wpcf7-id=\"149\">\n<div class=\"screen-reader-response\"><p role=\"status\" aria-live=\"polite\" aria-atomic=\"true\"><\/p> <ul><\/ul><\/div>\n<form action=\"\/index.php?rest_route=%2Fwp%2Fv2%2Fpages%2F7567#wpcf7-f149-o1\" method=\"post\" class=\"wpcf7-form init\" aria-label=\"Formulaire de contact\" enctype=\"multipart\/form-data\" novalidate=\"novalidate\" data-status=\"init\">\n<fieldset class=\"hidden-fields-container\"><input type=\"hidden\" name=\"_wpcf7\" value=\"149\" \/><input type=\"hidden\" name=\"_wpcf7_version\" value=\"6.1.5\" \/><input type=\"hidden\" name=\"_wpcf7_locale\" value=\"fr_FR\" \/><input type=\"hidden\" name=\"_wpcf7_unit_tag\" value=\"wpcf7-f149-o1\" \/><input type=\"hidden\" name=\"_wpcf7_container_post\" value=\"0\" \/><input type=\"hidden\" name=\"_wpcf7_posted_data_hash\" value=\"\" \/>\n<\/fieldset>\n<p>Nom\n<\/p>\n<p><span class=\"wpcf7-form-control-wrap\" data-name=\"your-name\"><input size=\"40\" maxlength=\"400\" class=\"wpcf7-form-control wpcf7-text wpcf7-validates-as-required\" aria-required=\"true\" aria-invalid=\"false\" value=\"\" type=\"text\" name=\"your-name\" \/><\/span>\n<\/p>\n<p>Email\n<\/p>\n<p><span class=\"wpcf7-form-control-wrap\" data-name=\"your-email\"><input size=\"40\" maxlength=\"400\" class=\"wpcf7-form-control wpcf7-email wpcf7-validates-as-required wpcf7-text wpcf7-validates-as-email\" aria-required=\"true\" aria-invalid=\"false\" value=\"\" type=\"email\" name=\"your-email\" \/><\/span>\n<\/p>\n<p>Objet\n<\/p>\n<p><span class=\"wpcf7-form-control-wrap\" data-name=\"your-subject\"><input size=\"40\" maxlength=\"400\" class=\"wpcf7-form-control wpcf7-text\" aria-invalid=\"false\" value=\"\" type=\"text\" name=\"your-subject\" \/><\/span>\n<\/p>\n<p>Joindre un fichier\n<\/p>\n<p><span class=\"wpcf7-form-control-wrap\" data-name=\"file-307\"><input size=\"40\" class=\"wpcf7-form-control wpcf7-file\" accept=\"audio\/*,video\/*,image\/*\" aria-invalid=\"false\" type=\"file\" name=\"file-307\" \/><\/span>\n<\/p>\n<p>Votre message\n<\/p>\n<p><span class=\"wpcf7-form-control-wrap\" data-name=\"your-message\"><textarea cols=\"40\" rows=\"10\" maxlength=\"2000\" class=\"wpcf7-form-control wpcf7-textarea\" aria-invalid=\"false\" name=\"your-message\"><\/textarea><\/span>\n<\/p>\n<p><span class=\"wpcf7-form-control-wrap\" data-name=\"acceptance-853\"><span class=\"wpcf7-form-control wpcf7-acceptance\"><span class=\"wpcf7-list-item\"><input type=\"checkbox\" name=\"acceptance-853\" value=\"1\" aria-invalid=\"false\" \/><\/span><\/span><\/span> Merci de bien vouloir confirmer votre envoi.\n<\/p>\n<p><input class=\"wpcf7-form-control wpcf7-submit has-spinner\" type=\"submit\" value=\"Envoyer\" \/>\n<\/p><div class=\"wpcf7-response-output\" aria-hidden=\"true\"><\/div>\n<\/form>\n<\/div>\n\n<hr>\n<p><strong>Quelques exemples de spots radio :<\/strong><\/p>\n<audio class=\"wp-audio-shortcode\" id=\"audio-7567-1\" preload=\"none\" style=\"width: 100%;\" controls=\"controls\"><source type=\"audio\/mpeg\" src=\"http:\/\/www.helenefm.com\/wordpress\/wp-content\/uploads\/2019\/02\/271218-Carrefour-Market-INFOS-1.mp3?_=1\" \/><a href=\"http:\/\/www.helenefm.com\/wordpress\/wp-content\/uploads\/2019\/02\/271218-Carrefour-Market-INFOS-1.mp3\">http:\/\/www.helenefm.com\/wordpress\/wp-content\/uploads\/2019\/02\/271218-Carrefour-Market-INFOS-1.mp3<\/a><\/audio>\n<p><strong>CARREFOUR MARKET FERRIERES-D&rsquo;AUNIS<\/strong><\/p>\n<audio class=\"wp-audio-shortcode\" id=\"audio-7567-2\" preload=\"none\" style=\"width: 100%;\" controls=\"controls\"><source type=\"audio\/mpeg\" src=\"http:\/\/www.helenefm.com\/wordpress\/wp-content\/uploads\/2019\/02\/29012019-Roady-METEO-remix.mp3?_=2\" \/><a href=\"http:\/\/www.helenefm.com\/wordpress\/wp-content\/uploads\/2019\/02\/29012019-Roady-METEO-remix.mp3\">http:\/\/www.helenefm.com\/wordpress\/wp-content\/uploads\/2019\/02\/29012019-Roady-METEO-remix.mp3<\/a><\/audio>\n<p><strong>GARAGE ROADY SAINTES ET SAINT-JEAN-D&rsquo;ANGELY<\/strong><\/p>\n<audio class=\"wp-audio-shortcode\" id=\"audio-7567-3\" preload=\"none\" style=\"width: 100%;\" controls=\"controls\"><source type=\"audio\/mpeg\" src=\"http:\/\/www.helenefm.com\/wordpress\/wp-content\/uploads\/2019\/02\/SPOT-LARNAUD-JARDIN.mp3?_=3\" \/><a href=\"http:\/\/www.helenefm.com\/wordpress\/wp-content\/uploads\/2019\/02\/SPOT-LARNAUD-JARDIN.mp3\">http:\/\/www.helenefm.com\/wordpress\/wp-content\/uploads\/2019\/02\/SPOT-LARNAUD-JARDIN.mp3<\/a><\/audio>\n<p><strong>LARNAUD JARDIN SURGERES<\/strong><\/p>\n<audio class=\"wp-audio-shortcode\" id=\"audio-7567-4\" preload=\"none\" style=\"width: 100%;\" controls=\"controls\"><source type=\"audio\/mpeg\" src=\"http:\/\/www.helenefm.com\/wordpress\/wp-content\/uploads\/2019\/02\/230119-Spot-garage-ADMN-horoscope.mp3?_=4\" \/><a href=\"http:\/\/www.helenefm.com\/wordpress\/wp-content\/uploads\/2019\/02\/230119-Spot-garage-ADMN-horoscope.mp3\">http:\/\/www.helenefm.com\/wordpress\/wp-content\/uploads\/2019\/02\/230119-Spot-garage-ADMN-horoscope.mp3<\/a><\/audio>\n<p><strong>GARAGE ADMN SURGERES<\/strong><\/p>\n","protected":false},"excerpt":{"rendered":"<p>Notre service de conseil en communication se tient \u00e0 votre disposition pour toute demande de campagnes publicitaires, qu&rsquo;elles soient de notori\u00e9t\u00e9 ou ponctuelles pour annoncer vos \u00e9v\u00e8nements, offres promotionnelles ou portes ouvertes&#8230;<a class=\"moretag\" href=\"https:\/\/www.helenefm.com\/?page_id=7567\">Lire la suite&#8230;<\/a><\/p>\n","protected":false},"author":1,"featured_media":0,"parent":0,"menu_order":0,"comment_status":"closed","ping_status":"closed","template":"","meta":{"_monsterinsights_skip_tracking":false,"_monsterinsights_sitenote_active":false,"_monsterinsights_sitenote_note":"","_monsterinsights_sitenote_category":0,"jetpack_post_was_ever_published":false,"footnotes":""},"class_list":["post-7567","page","type-page","status-publish","hentry"],"jetpack_sharing_enabled":true,"jetpack_shortlink":"https:\/\/wp.me\/P48eP9-1Y3","_links":{"self":[{"href":"https:\/\/www.helenefm.com\/index.php?rest_route=\/wp\/v2\/pages\/7567","targetHints":{"allow":["GET"]}}],"collection":[{"href":"https:\/\/www.helenefm.com\/index.php?rest_route=\/wp\/v2\/pages"}],"about":[{"href":"https:\/\/www.helenefm.com\/index.php?rest_route=\/wp\/v2\/types\/page"}],"author":[{"embeddable":true,"href":"https:\/\/www.helenefm.com\/index.php?rest_route=\/wp\/v2\/users\/1"}],"replies":[{"embeddable":true,"href":"https:\/\/www.helenefm.com\/index.php?rest_route=%2Fwp%2Fv2%2Fcomments&post=7567"}],"version-history":[{"count":21,"href":"https:\/\/www.helenefm.com\/index.php?rest_route=\/wp\/v2\/pages\/7567\/revisions"}],"predecessor-version":[{"id":60445,"href":"https:\/\/www.helenefm.com\/index.php?rest_route=\/wp\/v2\/pages\/7567\/revisions\/60445"}],"wp:attachment":[{"href":"https:\/\/www.helenefm.com\/index.php?rest_route=%2Fwp%2Fv2%2Fmedia&parent=7567"}],"curies":[{"name":"wp","href":"https:\/\/api.w.org\/{rel}","templated":true}]}}