{"id":67152,"date":"2025-09-26T10:21:55","date_gmt":"2025-09-26T08:21:55","guid":{"rendered":"https:\/\/www.helenefm.com\/?page_id=67152"},"modified":"2025-09-26T10:21:55","modified_gmt":"2025-09-26T08:21:55","slug":"rock-en-stock","status":"publish","type":"page","link":"https:\/\/www.helenefm.com\/?page_id=67152","title":{"rendered":"ROCK EN STOCK"},"content":{"rendered":"<p><img loading=\"lazy\" decoding=\"async\" data-attachment-id=\"67150\" data-permalink=\"https:\/\/www.helenefm.com\/?attachment_id=67150\" data-orig-file=\"https:\/\/www.helenefm.com\/wordpress\/wp-content\/uploads\/2025\/09\/philippe-decool.jpg\" data-orig-size=\"1500,1309\" data-comments-opened=\"0\" data-image-meta=\"{&quot;aperture&quot;:&quot;1.8&quot;,&quot;credit&quot;:&quot;&quot;,&quot;camera&quot;:&quot;Galaxy A25 5G&quot;,&quot;caption&quot;:&quot;&quot;,&quot;created_timestamp&quot;:&quot;1758551783&quot;,&quot;copyright&quot;:&quot;&quot;,&quot;focal_length&quot;:&quot;4&quot;,&quot;iso&quot;:&quot;50&quot;,&quot;shutter_speed&quot;:&quot;0.016666666&quot;,&quot;title&quot;:&quot;&quot;,&quot;orientation&quot;:&quot;1&quot;}\" data-image-title=\"philippe decool\" data-image-description=\"\" data-image-caption=\"\" data-large-file=\"https:\/\/www.helenefm.com\/wordpress\/wp-content\/uploads\/2025\/09\/philippe-decool-1024x894.jpg\" class=\"size-full wp-image-67150 aligncenter\" src=\"https:\/\/www.helenefm.com\/wordpress\/wp-content\/uploads\/2025\/09\/philippe-decool.jpg\" alt=\"\" width=\"1500\" height=\"1309\" srcset=\"https:\/\/www.helenefm.com\/wordpress\/wp-content\/uploads\/2025\/09\/philippe-decool.jpg 1500w, https:\/\/www.helenefm.com\/wordpress\/wp-content\/uploads\/2025\/09\/philippe-decool-300x262.jpg 300w, https:\/\/www.helenefm.com\/wordpress\/wp-content\/uploads\/2025\/09\/philippe-decool-1024x894.jpg 1024w, https:\/\/www.helenefm.com\/wordpress\/wp-content\/uploads\/2025\/09\/philippe-decool-768x670.jpg 768w\" sizes=\"auto, (max-width: 1500px) 100vw, 1500px\" \/><br \/>\n<strong>Avec Philippe DECOOL<\/strong><\/p>\n<p>Chaque premier mardi du mois<br \/>\nde 20h \u00e0 21h<br \/>\nReplongez dans la grande et la petite histoire du rock&rsquo;n roll<\/p>\n<hr \/>\n<p><strong>Ecouter la derni\u00e8re \u00e9mission en replay :<\/strong><\/p>\n<audio class=\"wp-audio-shortcode\" id=\"audio-67152-1\" preload=\"none\" style=\"width: 100%;\" controls=\"controls\"><source type=\"audio\/mpeg\" src=\"http:\/\/www.helenefm.com\/replay\/rockenstock.mp3?_=1\" \/><a href=\"http:\/\/www.helenefm.com\/replay\/rockenstock.mp3\">http:\/\/www.helenefm.com\/replay\/rockenstock.mp3<\/a><\/audio>\n","protected":false},"excerpt":{"rendered":"<p>Avec Philippe DECOOL Chaque premier mardi du mois de 20h \u00e0 21h Replongez dans la grande et la petite histoire du rock&rsquo;n roll Ecouter la derni\u00e8re \u00e9mission en replay :<\/p>\n","protected":false},"author":1,"featured_media":0,"parent":0,"menu_order":0,"comment_status":"closed","ping_status":"closed","template":"","meta":{"_monsterinsights_skip_tracking":false,"_monsterinsights_sitenote_active":false,"_monsterinsights_sitenote_note":"","_monsterinsights_sitenote_category":0,"footnotes":""},"class_list":["post-67152","page","type-page","status-publish","hentry"],"jetpack_sharing_enabled":true,"jetpack_shortlink":"https:\/\/wp.me\/P48eP9-ht6","_links":{"self":[{"href":"https:\/\/www.helenefm.com\/index.php?rest_route=\/wp\/v2\/pages\/67152","targetHints":{"allow":["GET"]}}],"collection":[{"href":"https:\/\/www.helenefm.com\/index.php?rest_route=\/wp\/v2\/pages"}],"about":[{"href":"https:\/\/www.helenefm.com\/index.php?rest_route=\/wp\/v2\/types\/page"}],"author":[{"embeddable":true,"href":"https:\/\/www.helenefm.com\/index.php?rest_route=\/wp\/v2\/users\/1"}],"replies":[{"embeddable":true,"href":"https:\/\/www.helenefm.com\/index.php?rest_route=%2Fwp%2Fv2%2Fcomments&post=67152"}],"version-history":[{"count":1,"href":"https:\/\/www.helenefm.com\/index.php?rest_route=\/wp\/v2\/pages\/67152\/revisions"}],"predecessor-version":[{"id":67153,"href":"https:\/\/www.helenefm.com\/index.php?rest_route=\/wp\/v2\/pages\/67152\/revisions\/67153"}],"wp:attachment":[{"href":"https:\/\/www.helenefm.com\/index.php?rest_route=%2Fwp%2Fv2%2Fmedia&parent=67152"}],"curies":[{"name":"wp","href":"https:\/\/api.w.org\/{rel}","templated":true}]}}