{"id":47457,"date":"2022-01-06T10:32:55","date_gmt":"2022-01-06T09:32:55","guid":{"rendered":"https:\/\/www.helenefm.com\/?page_id=47457"},"modified":"2025-07-16T13:54:43","modified_gmt":"2025-07-16T11:54:43","slug":"47457-2","status":"publish","type":"page","link":"https:\/\/www.helenefm.com\/?page_id=47457","title":{"rendered":"\u00c9COUTER H\u00c9L\u00c8NE FM EN DIRECT"},"content":{"rendered":"<h1 style=\"text-align: center;\">Player I<\/h1>\n<p style=\"text-align: center;\"><iframe loading=\"lazy\" src=\"https:\/\/player-radio.infomaniak.com\/2\/prod\/medium\/78eab257-4d9b-476a-b218-80c43cda4238\" width=\"505\" frameborder=\"0\" height=\"289\" allowfullscreen crossorigin=\"anonymous\"><\/iframe><\/p>\n<hr \/>\n<h1 style=\"text-align: center;\">Player II<\/h1>\n<p style=\"text-align: center;\"><audio class=\"wp-audio-shortcode\" id=\"audio-47457-1\" preload=\"none\" style=\"width: 100%;\" controls=\"controls\"><source type=\"audio\/mpeg\" src=\"http:\/\/helenefm.ice.infomaniak.ch\/helenefm-high.mp3?_=1\" \/><a href=\"http:\/\/helenefm.ice.infomaniak.ch\/helenefm-high.mp3\">http:\/\/helenefm.ice.infomaniak.ch\/helenefm-high.mp3<\/a><\/audio>\n<h6 style=\"text-align: center;\">http:\/\/helenefm.ice.infomaniak.ch\/helenefm-high.mp3<\/h6>\n<hr \/>\n<h1 style=\"text-align: center;\"><a href=\"http:\/\/helenefm.ice.infomaniak.ch\/helenefm-low.aac\" target=\"_blank\" rel=\"noopener\">Player III<\/a><\/h1>\n<h6 style=\"text-align: center;\">http:\/\/helenefm.ice.infomaniak.ch\/helenefm-low.aac<\/h6>\n<hr \/>\n<p style=\"text-align: center;\"><a href=\"https:\/\/radioenlignefrance.com\/helene-fm\" target=\"_blank\" rel=\"noopener\">https:\/\/radioenlignefrance.com\/helene-fm<\/a><\/p>\n","protected":false},"excerpt":{"rendered":"<p>Player I Player II http:\/\/helenefm.ice.infomaniak.ch\/helenefm-high.mp3 http:\/\/helenefm.ice.infomaniak.ch\/helenefm-high.mp3 Player III http:\/\/helenefm.ice.infomaniak.ch\/helenefm-low.aac https:\/\/radioenlignefrance.com\/helene-fm<\/p>\n","protected":false},"author":1,"featured_media":0,"parent":0,"menu_order":0,"comment_status":"closed","ping_status":"closed","template":"","meta":{"_monsterinsights_skip_tracking":false,"_monsterinsights_sitenote_active":false,"_monsterinsights_sitenote_note":"","_monsterinsights_sitenote_category":0,"jetpack_post_was_ever_published":false,"footnotes":""},"class_list":["post-47457","page","type-page","status-publish","hentry"],"jetpack_sharing_enabled":true,"jetpack_shortlink":"https:\/\/wp.me\/P48eP9-clr","_links":{"self":[{"href":"https:\/\/www.helenefm.com\/index.php?rest_route=\/wp\/v2\/pages\/47457","targetHints":{"allow":["GET"]}}],"collection":[{"href":"https:\/\/www.helenefm.com\/index.php?rest_route=\/wp\/v2\/pages"}],"about":[{"href":"https:\/\/www.helenefm.com\/index.php?rest_route=\/wp\/v2\/types\/page"}],"author":[{"embeddable":true,"href":"https:\/\/www.helenefm.com\/index.php?rest_route=\/wp\/v2\/users\/1"}],"replies":[{"embeddable":true,"href":"https:\/\/www.helenefm.com\/index.php?rest_route=%2Fwp%2Fv2%2Fcomments&post=47457"}],"version-history":[{"count":25,"href":"https:\/\/www.helenefm.com\/index.php?rest_route=\/wp\/v2\/pages\/47457\/revisions"}],"predecessor-version":[{"id":66371,"href":"https:\/\/www.helenefm.com\/index.php?rest_route=\/wp\/v2\/pages\/47457\/revisions\/66371"}],"wp:attachment":[{"href":"https:\/\/www.helenefm.com\/index.php?rest_route=%2Fwp%2Fv2%2Fmedia&parent=47457"}],"curies":[{"name":"wp","href":"https:\/\/api.w.org\/{rel}","templated":true}]}}