{"id":44540,"date":"2021-06-03T15:08:50","date_gmt":"2021-06-03T13:08:50","guid":{"rendered":"https:\/\/www.helenefm.com\/?page_id=44540"},"modified":"2025-09-01T07:15:06","modified_gmt":"2025-09-01T05:15:06","slug":"annonces-associations-2","status":"publish","type":"page","link":"https:\/\/www.helenefm.com\/?page_id=44540","title":{"rendered":"ASSOCIATIONS"},"content":{"rendered":"<p><strong>Nous proposons un service de diffusion d&rsquo;annonces \u00e0 l&rsquo;attention des associations et des clubs sportifs. Avec un tarif pr\u00e9f\u00e9rentiel \u00e0 partir de 30 euros pour une semaine de communication \u00e0 l&rsquo;antenne. Votre annonce est \u00e9galement publi\u00e9e sur notre site internet dans la page <a href=\"https:\/\/www.helenefm.com\/?cat=82\" target=\"_blank\" rel=\"noopener\">SORTIR<\/a>, et sur nos r\u00e9seaux sociaux (Facebook, X). <\/strong><\/p>\n<p><strong>Diffusion dans l&rsquo;Agenda loisirs (lotos, concours de belotes, divers&#8230;), du lundi au vendredi \u00e0 8h40, 10h45 et 17h15, et le samedi \u00e0 8h40 et 10h45 ; ou dans l&rsquo;Instant r\u00e9tro (bals musette, th\u00e9s dansants&#8230;) du lundi au vendredi \u00e0 9h15, 11h15 et 16h15, et le samedi matin \u00e0 9h15 et 11h15.<\/strong><\/p>\n<p><span style=\"color: #ff0000;\"><strong>Attention : dernier d\u00e9lai pour envoyer votre annonce \u00e0 la r\u00e9daction le vendredi avant 10h, pour une diffusion le lundi suivant. Sinon, l&rsquo;annonce ne pourra pas \u00eatre trait\u00e9e pendant le week-end, et ne sera diffus\u00e9e qu&rsquo;\u00e0 partir du mardi suivant.<\/strong><\/span><\/p>\n<p><iframe id=\"haWidget\" allowtransparency=\"true\" scrolling=\"auto\" src=\"https:\/\/www.helloasso.com\/associations\/radio-surgeres\/boutiques\/annonces-associatives\/widget\" style=\"width: 100%; height: 750px; border: none;\"><\/iframe><\/p>\n","protected":false},"excerpt":{"rendered":"<p>Nous proposons un service de diffusion d&rsquo;annonces \u00e0 l&rsquo;attention des associations et des clubs sportifs. Avec un tarif pr\u00e9f\u00e9rentiel \u00e0 partir de 30 euros pour une semaine de communication \u00e0 l&rsquo;antenne. Votre<a class=\"moretag\" href=\"https:\/\/www.helenefm.com\/?page_id=44540\">Lire la suite&#8230;<\/a><\/p>\n","protected":false},"author":1,"featured_media":0,"parent":0,"menu_order":0,"comment_status":"closed","ping_status":"closed","template":"","meta":{"_monsterinsights_skip_tracking":false,"_monsterinsights_sitenote_active":false,"_monsterinsights_sitenote_note":"","_monsterinsights_sitenote_category":0,"jetpack_post_was_ever_published":false,"footnotes":""},"class_list":["post-44540","page","type-page","status-publish","hentry"],"jetpack_sharing_enabled":true,"jetpack_shortlink":"https:\/\/wp.me\/P48eP9-bAo","_links":{"self":[{"href":"https:\/\/www.helenefm.com\/index.php?rest_route=\/wp\/v2\/pages\/44540","targetHints":{"allow":["GET"]}}],"collection":[{"href":"https:\/\/www.helenefm.com\/index.php?rest_route=\/wp\/v2\/pages"}],"about":[{"href":"https:\/\/www.helenefm.com\/index.php?rest_route=\/wp\/v2\/types\/page"}],"author":[{"embeddable":true,"href":"https:\/\/www.helenefm.com\/index.php?rest_route=\/wp\/v2\/users\/1"}],"replies":[{"embeddable":true,"href":"https:\/\/www.helenefm.com\/index.php?rest_route=%2Fwp%2Fv2%2Fcomments&post=44540"}],"version-history":[{"count":17,"href":"https:\/\/www.helenefm.com\/index.php?rest_route=\/wp\/v2\/pages\/44540\/revisions"}],"predecessor-version":[{"id":66724,"href":"https:\/\/www.helenefm.com\/index.php?rest_route=\/wp\/v2\/pages\/44540\/revisions\/66724"}],"wp:attachment":[{"href":"https:\/\/www.helenefm.com\/index.php?rest_route=%2Fwp%2Fv2%2Fmedia&parent=44540"}],"curies":[{"name":"wp","href":"https:\/\/api.w.org\/{rel}","templated":true}]}}