{"id":35452,"date":"2019-09-03T09:09:08","date_gmt":"2019-09-03T07:09:08","guid":{"rendered":"http:\/\/www.helenefm.com\/?page_id=35452"},"modified":"2023-02-21T11:03:03","modified_gmt":"2023-02-21T10:03:03","slug":"chut-on-ecoute-la-tele","status":"publish","type":"page","link":"https:\/\/www.helenefm.com\/?page_id=35452","title":{"rendered":"CHUT&#8230; ON \u00c9COUTE LA T\u00c9L\u00c9 !"},"content":{"rendered":"<div id=\"attachment_35404\" style=\"width: 1210px\" class=\"wp-caption aligncenter\"><img loading=\"lazy\" decoding=\"async\" aria-describedby=\"caption-attachment-35404\" data-attachment-id=\"35404\" data-permalink=\"https:\/\/www.helenefm.com\/?attachment_id=35404\" data-orig-file=\"https:\/\/www.helenefm.com\/wordpress\/wp-content\/uploads\/2019\/08\/alain-jeanne-helene.jpg\" data-orig-size=\"1200,900\" data-comments-opened=\"0\" data-image-meta=\"{&quot;aperture&quot;:&quot;1.9&quot;,&quot;credit&quot;:&quot;&quot;,&quot;camera&quot;:&quot;SM-A310F&quot;,&quot;caption&quot;:&quot;&quot;,&quot;created_timestamp&quot;:&quot;1566833550&quot;,&quot;copyright&quot;:&quot;&quot;,&quot;focal_length&quot;:&quot;3.7&quot;,&quot;iso&quot;:&quot;50&quot;,&quot;shutter_speed&quot;:&quot;0.03030303030303&quot;,&quot;title&quot;:&quot;&quot;,&quot;orientation&quot;:&quot;1&quot;}\" data-image-title=\"alain jeanne helene\" data-image-description=\"\" data-image-caption=\"\" data-large-file=\"https:\/\/www.helenefm.com\/wordpress\/wp-content\/uploads\/2019\/08\/alain-jeanne-helene-1024x768.jpg\" class=\"wp-image-35404 size-full\" src=\"http:\/\/www.helenefm.com\/wordpress\/wp-content\/uploads\/2019\/08\/alain-jeanne-helene.jpg\" alt=\"\" width=\"1200\" height=\"900\" srcset=\"https:\/\/www.helenefm.com\/wordpress\/wp-content\/uploads\/2019\/08\/alain-jeanne-helene.jpg 1200w, https:\/\/www.helenefm.com\/wordpress\/wp-content\/uploads\/2019\/08\/alain-jeanne-helene-300x225.jpg 300w, https:\/\/www.helenefm.com\/wordpress\/wp-content\/uploads\/2019\/08\/alain-jeanne-helene-768x576.jpg 768w, https:\/\/www.helenefm.com\/wordpress\/wp-content\/uploads\/2019\/08\/alain-jeanne-helene-1024x768.jpg 1024w\" sizes=\"auto, (max-width: 1200px) 100vw, 1200px\" \/><p id=\"caption-attachment-35404\" class=\"wp-caption-text\">Alain Jeanne &#8211; animateur de Chut&#8230; on \u00e9coute la t\u00e9l\u00e9 !<\/p><\/div>\n<p><strong>Chut&#8230; on \u00e9coute la t\u00e9l\u00e9 ! &#8211; L&rsquo;HEBDO (tous les lundis \u00e0 18h)<\/strong><\/p>\n<audio class=\"wp-audio-shortcode\" id=\"audio-35452-1\" preload=\"none\" style=\"width: 100%;\" controls=\"controls\"><source type=\"audio\/mpeg\" src=\"http:\/\/www.helenefm.com\/replay\/chutln1.mp3?_=1\" \/><a href=\"http:\/\/www.helenefm.com\/replay\/chutln1.mp3\">http:\/\/www.helenefm.com\/replay\/chutln1.mp3<\/a><\/audio>\n<p>&nbsp;<\/p>\n<audio class=\"wp-audio-shortcode\" id=\"audio-35452-2\" preload=\"none\" style=\"width: 100%;\" controls=\"controls\"><source type=\"audio\/mpeg\" src=\"http:\/\/www.helenefm.com\/replay\/chutln2.mp3?_=2\" \/><a href=\"http:\/\/www.helenefm.com\/replay\/chutln2.mp3\">http:\/\/www.helenefm.com\/replay\/chutln2.mp3<\/a><\/audio>\n<p>&nbsp;<\/p>\n<audio class=\"wp-audio-shortcode\" id=\"audio-35452-3\" preload=\"none\" style=\"width: 100%;\" controls=\"controls\"><source type=\"audio\/mpeg\" src=\"http:\/\/www.helenefm.com\/replay\/chutln3.mp3?_=3\" \/><a href=\"http:\/\/www.helenefm.com\/replay\/chutln3.mp3\">http:\/\/www.helenefm.com\/replay\/chutln3.mp3<\/a><\/audio>\n<p>&nbsp;<\/p>\n<p><strong>Chut&#8230; on \u00e9coute la t\u00e9l\u00e9 ! &#8211; LA QUOTIDIENNE (du lundi au vendredi \u00e0 13h30 et 18h30)<\/strong><\/p>\n<p>&#8211; A l&rsquo;antenne cette semaine &#8211;<\/p>\n<audio class=\"wp-audio-shortcode\" id=\"audio-35452-4\" preload=\"none\" style=\"width: 100%;\" controls=\"controls\"><source type=\"audio\/mpeg\" src=\"http:\/\/www.helenefm.com\/replay\/chutlnlundi.mp3?_=4\" \/><a href=\"http:\/\/www.helenefm.com\/replay\/chutlnlundi.mp3\">http:\/\/www.helenefm.com\/replay\/chutlnlundi.mp3<\/a><\/audio>\n<p>&#8211; Lundi &#8211;<\/p>\n<audio class=\"wp-audio-shortcode\" id=\"audio-35452-5\" preload=\"none\" style=\"width: 100%;\" controls=\"controls\"><source type=\"audio\/mpeg\" src=\"http:\/\/www.helenefm.com\/replay\/chutlnmardi.mp3?_=5\" \/><a href=\"http:\/\/www.helenefm.com\/replay\/chutlnmardi.mp3\">http:\/\/www.helenefm.com\/replay\/chutlnmardi.mp3<\/a><\/audio>\n<p>&#8211; Mardi &#8211;<\/p>\n<audio class=\"wp-audio-shortcode\" id=\"audio-35452-6\" preload=\"none\" style=\"width: 100%;\" controls=\"controls\"><source type=\"audio\/mpeg\" src=\"http:\/\/www.helenefm.com\/replay\/chutlnmercredi.mp3?_=6\" \/><a href=\"http:\/\/www.helenefm.com\/replay\/chutlnmercredi.mp3\">http:\/\/www.helenefm.com\/replay\/chutlnmercredi.mp3<\/a><\/audio>\n<p>&#8211; Mercredi &#8211;<\/p>\n<audio class=\"wp-audio-shortcode\" id=\"audio-35452-7\" preload=\"none\" style=\"width: 100%;\" controls=\"controls\"><source type=\"audio\/mpeg\" src=\"http:\/\/www.helenefm.com\/replay\/chutlnjeudi.mp3?_=7\" \/><a href=\"http:\/\/www.helenefm.com\/replay\/chutlnjeudi.mp3\">http:\/\/www.helenefm.com\/replay\/chutlnjeudi.mp3<\/a><\/audio>\n<p>&#8211; Jeudi &#8211;<\/p>\n<audio class=\"wp-audio-shortcode\" id=\"audio-35452-8\" preload=\"none\" style=\"width: 100%;\" controls=\"controls\"><source type=\"audio\/mpeg\" src=\"http:\/\/www.helenefm.com\/replay\/chutlnvendredi.mp3?_=8\" \/><a href=\"http:\/\/www.helenefm.com\/replay\/chutlnvendredi.mp3\">http:\/\/www.helenefm.com\/replay\/chutlnvendredi.mp3<\/a><\/audio>\n<p>&#8211; Vendredi &#8211;<\/p>\n","protected":false},"excerpt":{"rendered":"<p>Chut&#8230; on \u00e9coute la t\u00e9l\u00e9 ! &#8211; L&rsquo;HEBDO (tous les lundis \u00e0 18h) &nbsp; &nbsp; &nbsp; Chut&#8230; on \u00e9coute la t\u00e9l\u00e9 ! &#8211; LA QUOTIDIENNE (du lundi au vendredi \u00e0 13h30 et<a class=\"moretag\" href=\"https:\/\/www.helenefm.com\/?page_id=35452\">Lire la suite&#8230;<\/a><\/p>\n","protected":false},"author":1,"featured_media":0,"parent":0,"menu_order":0,"comment_status":"closed","ping_status":"closed","template":"","meta":{"_monsterinsights_skip_tracking":false,"_monsterinsights_sitenote_active":false,"_monsterinsights_sitenote_note":"","_monsterinsights_sitenote_category":0,"jetpack_post_was_ever_published":false,"footnotes":""},"class_list":["post-35452","page","type-page","status-publish","hentry"],"jetpack_sharing_enabled":true,"jetpack_shortlink":"https:\/\/wp.me\/P48eP9-9dO","_links":{"self":[{"href":"https:\/\/www.helenefm.com\/index.php?rest_route=\/wp\/v2\/pages\/35452","targetHints":{"allow":["GET"]}}],"collection":[{"href":"https:\/\/www.helenefm.com\/index.php?rest_route=\/wp\/v2\/pages"}],"about":[{"href":"https:\/\/www.helenefm.com\/index.php?rest_route=\/wp\/v2\/types\/page"}],"author":[{"embeddable":true,"href":"https:\/\/www.helenefm.com\/index.php?rest_route=\/wp\/v2\/users\/1"}],"replies":[{"embeddable":true,"href":"https:\/\/www.helenefm.com\/index.php?rest_route=%2Fwp%2Fv2%2Fcomments&post=35452"}],"version-history":[{"count":3,"href":"https:\/\/www.helenefm.com\/index.php?rest_route=\/wp\/v2\/pages\/35452\/revisions"}],"predecessor-version":[{"id":53771,"href":"https:\/\/www.helenefm.com\/index.php?rest_route=\/wp\/v2\/pages\/35452\/revisions\/53771"}],"wp:attachment":[{"href":"https:\/\/www.helenefm.com\/index.php?rest_route=%2Fwp%2Fv2%2Fmedia&parent=35452"}],"curies":[{"name":"wp","href":"https:\/\/api.w.org\/{rel}","templated":true}]}}