{"id":298,"date":"2013-11-27T10:00:52","date_gmt":"2013-11-27T09:00:52","guid":{"rendered":"http:\/\/www.helenefm.com\/?page_id=298"},"modified":"2021-02-09T11:10:37","modified_gmt":"2021-02-09T10:10:37","slug":"mentions-legales","status":"publish","type":"page","link":"https:\/\/www.helenefm.com\/?page_id=298","title":{"rendered":"MENTIONS LEGALES"},"content":{"rendered":"<p><span style=\"color: #000000; font-family: Arial; font-size: small;\">Le site www.helenefm.com est \u00e9dit\u00e9 par l&rsquo;association Radio Surg\u00e8res.<\/span><\/p>\n<p align=\"justify\"><span style=\"color: #000000; font-family: Arial; font-size: small;\">H\u00e9l\u00e8ne FM est une radio associative de loi 1901 g\u00e9r\u00e9e par Radio Surg\u00e8res et enregistr\u00e9e\u00a0\u00e0 la sous-pr\u00e9fecture de Rochefort depuis\u00a0le 6 ao\u00fbt 1982.<\/span><\/p>\n<p><span style=\"color: #000000; font-family: Arial; font-size: small;\">Si\u00e8ge\u00a0social : 5, rue Ronsard &#8211; 17700 Surg\u00e8res<\/span><\/p>\n<p><span style=\"color: #000000; font-family: Arial; font-size: small;\">T\u00e9l. : 05 46 07 13 51<\/span><\/p>\n<p><span style=\"color: #000000; font-family: Arial; font-size: small;\">Fax\u00a0: 05 46 07 01 15<\/span><\/p>\n<p><span style=\"color: #000000;\"><span style=\"font-family: Arial; font-size: small;\">Contact\u00a0: <\/span><a href=\"mailto:helenefm@helenfm.com\"><span style=\"color: #000000; font-family: Arial; font-size: small;\">helenefm@helenfm.com<\/span><\/a><\/span><\/p>\n<p><span style=\"color: #000000; font-family: Arial; font-size: small;\">Directeur de la Publication : Mme Laurence PENEAUD<\/span><\/p>\n<p><span style=\"color: #000000;\"><strong><span style=\"font-family: Arial; font-size: small;\">Conception &amp; R\u00e9alisation par :<\/span><\/strong><span style=\"font-family: Arial; font-size: small;\"> H\u00e9l\u00e8ne\u00a0FM<\/span><\/span><\/p>\n<p align=\"justify\"><span style=\"color: #000000;\"><strong><span style=\"font-family: Arial; font-size: small;\"> Propri\u00e9t\u00e9 Intellectuelle<\/span><\/strong><span style=\"font-family: Arial; font-size: small;\"><br \/>\nH\u00e9l\u00e8ne FM est titulaire des droits d&rsquo;auteur sur le site www.helenefm.com. Toute reproduction ou repr\u00e9sentation int\u00e9grale ou partielle faite sans le consentement de H\u00e9l\u00e8ne FM est illicite et constitue une contrefa\u00e7on sanctionn\u00e9e p\u00e9nalement.<\/span><\/span><\/p>\n<p align=\"justify\"><span style=\"color: #000000; font-family: Arial; font-size: small;\">Les marques de H\u00e9l\u00e8ne FM et de ses partenaires, ainsi que les logos figurant sur le site sont des marques d\u00e9pos\u00e9es. Toute reproduction totale ou partielle de ces marques ou de ces logos, sans le consentement de H\u00e9l\u00e8ne FM ou de ses partenaires est prohib\u00e9e.<\/span><\/p>\n<p align=\"justify\"><span style=\"color: #000000; font-family: Arial; font-size: small;\"> De m\u00eame, H\u00e9l\u00e8ne FM est producteur de la base de donn\u00e9es du site www.helenefm.com. En cons\u00e9quence, toute extraction et\/ou r\u00e9utilisation de la base de donn\u00e9es au sens des articles L 342-1 et L 342-2 du code de la propri\u00e9t\u00e9 intellectuelle est interdite.<\/span><\/p>\n<p><span style=\"color: #000000;\"><strong><span style=\"font-family: Arial; font-size: small;\">Responsabilit\u00e9<\/span><\/strong><\/span><\/p>\n<p align=\"justify\"><span style=\"color: #000000;\"><span style=\"font-family: Arial; font-size: small;\"> Les liens hypertextes mis en \u0153uvre en direction d&rsquo;autres sites ne sauraient engager la responsabilit\u00e9 de H\u00e9l\u00e8ne FM, celle-ci n&rsquo;exer\u00e7ant aucun contr\u00f4le sur le contenu de ces sites. H\u00e9l\u00e8ne FM<\/span><span style=\"font-family: Arial; font-size: small;\"> met tout en \u0153uvre pour offrir aux internautes des outils disponibles et des informations fiables. Toutefois, H\u00e9l\u00e8ne FM ne saurait garantir aux internautes l&rsquo;exactitude, la compl\u00e9tude et l&rsquo;actualit\u00e9 des informations fournies ainsi que la disponibilit\u00e9 de ces outils. En cons\u00e9quence, la responsabilit\u00e9 de H\u00e9l\u00e8ne FM ne pourra \u00eatre engag\u00e9e du fait de l&rsquo;utilisation des informations fournies et\/ou des outils mis \u00e0 disposition sur ce site.<\/span><\/span><\/p>\n","protected":false},"excerpt":{"rendered":"<p>Le site www.helenefm.com est \u00e9dit\u00e9 par l&rsquo;association Radio Surg\u00e8res. H\u00e9l\u00e8ne FM est une radio associative de loi 1901 g\u00e9r\u00e9e par Radio Surg\u00e8res et enregistr\u00e9e\u00a0\u00e0 la sous-pr\u00e9fecture de Rochefort depuis\u00a0le 6 ao\u00fbt 1982.<a class=\"moretag\" href=\"https:\/\/www.helenefm.com\/?page_id=298\">Lire la suite&#8230;<\/a><\/p>\n","protected":false},"author":1,"featured_media":0,"parent":0,"menu_order":0,"comment_status":"closed","ping_status":"closed","template":"","meta":{"_monsterinsights_skip_tracking":false,"_monsterinsights_sitenote_active":false,"_monsterinsights_sitenote_note":"","_monsterinsights_sitenote_category":0,"jetpack_post_was_ever_published":false,"footnotes":""},"class_list":["post-298","page","type-page","status-publish","hentry"],"jetpack_sharing_enabled":false,"jetpack_shortlink":"https:\/\/wp.me\/P48eP9-4O","_links":{"self":[{"href":"https:\/\/www.helenefm.com\/index.php?rest_route=\/wp\/v2\/pages\/298","targetHints":{"allow":["GET"]}}],"collection":[{"href":"https:\/\/www.helenefm.com\/index.php?rest_route=\/wp\/v2\/pages"}],"about":[{"href":"https:\/\/www.helenefm.com\/index.php?rest_route=\/wp\/v2\/types\/page"}],"author":[{"embeddable":true,"href":"https:\/\/www.helenefm.com\/index.php?rest_route=\/wp\/v2\/users\/1"}],"replies":[{"embeddable":true,"href":"https:\/\/www.helenefm.com\/index.php?rest_route=%2Fwp%2Fv2%2Fcomments&post=298"}],"version-history":[{"count":5,"href":"https:\/\/www.helenefm.com\/index.php?rest_route=\/wp\/v2\/pages\/298\/revisions"}],"predecessor-version":[{"id":42728,"href":"https:\/\/www.helenefm.com\/index.php?rest_route=\/wp\/v2\/pages\/298\/revisions\/42728"}],"wp:attachment":[{"href":"https:\/\/www.helenefm.com\/index.php?rest_route=%2Fwp%2Fv2%2Fmedia&parent=298"}],"curies":[{"name":"wp","href":"https:\/\/api.w.org\/{rel}","templated":true}]}}