{"id":29071,"date":"2018-06-17T08:08:14","date_gmt":"2018-06-17T06:08:14","guid":{"rendered":"http:\/\/www.helenefm.com\/?page_id=29071"},"modified":"2026-01-13T10:34:21","modified_gmt":"2026-01-13T09:34:21","slug":"29071-2","status":"publish","type":"page","link":"https:\/\/www.helenefm.com\/?page_id=29071","title":{"rendered":"CLUB 80"},"content":{"rendered":"<p><img loading=\"lazy\" decoding=\"async\" data-attachment-id=\"68660\" data-permalink=\"https:\/\/www.helenefm.com\/?attachment_id=68660\" data-orig-file=\"https:\/\/www.helenefm.com\/wordpress\/wp-content\/uploads\/2026\/01\/jeanpaul-2026.jpg\" data-orig-size=\"1022,859\" data-comments-opened=\"0\" data-image-meta=\"{&quot;aperture&quot;:&quot;0&quot;,&quot;credit&quot;:&quot;&quot;,&quot;camera&quot;:&quot;&quot;,&quot;caption&quot;:&quot;&quot;,&quot;created_timestamp&quot;:&quot;0&quot;,&quot;copyright&quot;:&quot;&quot;,&quot;focal_length&quot;:&quot;0&quot;,&quot;iso&quot;:&quot;0&quot;,&quot;shutter_speed&quot;:&quot;0&quot;,&quot;title&quot;:&quot;&quot;,&quot;orientation&quot;:&quot;1&quot;}\" data-image-title=\"jeanpaul 2026\" data-image-description=\"\" data-image-caption=\"\" data-large-file=\"https:\/\/www.helenefm.com\/wordpress\/wp-content\/uploads\/2026\/01\/jeanpaul-2026.jpg\" class=\"size-full wp-image-68660 aligncenter\" src=\"https:\/\/www.helenefm.com\/wordpress\/wp-content\/uploads\/2026\/01\/jeanpaul-2026.jpg\" alt=\"\" width=\"1022\" height=\"859\" srcset=\"https:\/\/www.helenefm.com\/wordpress\/wp-content\/uploads\/2026\/01\/jeanpaul-2026.jpg 1022w, https:\/\/www.helenefm.com\/wordpress\/wp-content\/uploads\/2026\/01\/jeanpaul-2026-300x252.jpg 300w, https:\/\/www.helenefm.com\/wordpress\/wp-content\/uploads\/2026\/01\/jeanpaul-2026-768x646.jpg 768w\" sizes=\"auto, (max-width: 1022px) 100vw, 1022px\" \/><br \/>\n<strong>Avec Jean-Paul NICOLAS<\/strong><\/p>\n<p>Tous les samedis soirs<br \/>\nde 20h \u00e0 21h<br \/>\nLes meilleurs titres des ann\u00e9es 70, 80 et 90<\/p>\n<hr>\n<p><strong>Ecouter la derni\u00e8re \u00e9mission en podcast:<\/strong><\/p>\n<audio class=\"wp-audio-shortcode\" id=\"audio-29071-1\" preload=\"none\" style=\"width: 100%;\" controls=\"controls\"><source type=\"audio\/mpeg\" src=\"http:\/\/www.helenefm.com\/replay\/club80.mp3?_=1\" \/><a href=\"http:\/\/www.helenefm.com\/replay\/club80.mp3\">http:\/\/www.helenefm.com\/replay\/club80.mp3<\/a><\/audio>\n","protected":false},"excerpt":{"rendered":"<p>Avec Jean-Paul NICOLAS Tous les samedis soirs de 20h \u00e0 21h Les meilleurs titres des ann\u00e9es 70, 80 et 90 Ecouter la derni\u00e8re \u00e9mission en podcast:<\/p>\n","protected":false},"author":1,"featured_media":0,"parent":0,"menu_order":0,"comment_status":"closed","ping_status":"closed","template":"","meta":{"_monsterinsights_skip_tracking":false,"_monsterinsights_sitenote_active":false,"_monsterinsights_sitenote_note":"","_monsterinsights_sitenote_category":0,"jetpack_post_was_ever_published":false,"footnotes":""},"class_list":["post-29071","page","type-page","status-publish","hentry"],"jetpack_sharing_enabled":true,"jetpack_shortlink":"https:\/\/wp.me\/P48eP9-7yT","_links":{"self":[{"href":"https:\/\/www.helenefm.com\/index.php?rest_route=\/wp\/v2\/pages\/29071","targetHints":{"allow":["GET"]}}],"collection":[{"href":"https:\/\/www.helenefm.com\/index.php?rest_route=\/wp\/v2\/pages"}],"about":[{"href":"https:\/\/www.helenefm.com\/index.php?rest_route=\/wp\/v2\/types\/page"}],"author":[{"embeddable":true,"href":"https:\/\/www.helenefm.com\/index.php?rest_route=\/wp\/v2\/users\/1"}],"replies":[{"embeddable":true,"href":"https:\/\/www.helenefm.com\/index.php?rest_route=%2Fwp%2Fv2%2Fcomments&post=29071"}],"version-history":[{"count":10,"href":"https:\/\/www.helenefm.com\/index.php?rest_route=\/wp\/v2\/pages\/29071\/revisions"}],"predecessor-version":[{"id":68664,"href":"https:\/\/www.helenefm.com\/index.php?rest_route=\/wp\/v2\/pages\/29071\/revisions\/68664"}],"wp:attachment":[{"href":"https:\/\/www.helenefm.com\/index.php?rest_route=%2Fwp%2Fv2%2Fmedia&parent=29071"}],"curies":[{"name":"wp","href":"https:\/\/api.w.org\/{rel}","templated":true}]}}