{"id":29067,"date":"2018-06-17T08:04:36","date_gmt":"2018-06-17T06:04:36","guid":{"rendered":"http:\/\/www.helenefm.com\/?page_id=29067"},"modified":"2021-02-09T10:54:55","modified_gmt":"2021-02-09T09:54:55","slug":"je-dis-jazz","status":"publish","type":"page","link":"https:\/\/www.helenefm.com\/?page_id=29067","title":{"rendered":"JEUDI JAZZ"},"content":{"rendered":"<p><img loading=\"lazy\" decoding=\"async\" data-attachment-id=\"31358\" data-permalink=\"https:\/\/www.helenefm.com\/?attachment_id=31358\" data-orig-file=\"https:\/\/www.helenefm.com\/wordpress\/wp-content\/uploads\/2018\/10\/harry-clarck-jeudi-jazz.jpg\" data-orig-size=\"1000,667\" data-comments-opened=\"0\" data-image-meta=\"{&quot;aperture&quot;:&quot;4&quot;,&quot;credit&quot;:&quot;&quot;,&quot;camera&quot;:&quot;NIKON D3100&quot;,&quot;caption&quot;:&quot;&quot;,&quot;created_timestamp&quot;:&quot;1540466404&quot;,&quot;copyright&quot;:&quot;&quot;,&quot;focal_length&quot;:&quot;26&quot;,&quot;iso&quot;:&quot;720&quot;,&quot;shutter_speed&quot;:&quot;0.016666666666667&quot;,&quot;title&quot;:&quot;&quot;,&quot;orientation&quot;:&quot;1&quot;}\" data-image-title=\"harry clarck jeudi jazz\" data-image-description=\"\" data-image-caption=\"\" data-large-file=\"https:\/\/www.helenefm.com\/wordpress\/wp-content\/uploads\/2018\/10\/harry-clarck-jeudi-jazz.jpg\" class=\"size-full wp-image-31358 aligncenter\" src=\"http:\/\/www.helenefm.com\/wordpress\/wp-content\/uploads\/2018\/10\/harry-clarck-jeudi-jazz.jpg\" alt=\"\" width=\"1000\" height=\"667\" srcset=\"https:\/\/www.helenefm.com\/wordpress\/wp-content\/uploads\/2018\/10\/harry-clarck-jeudi-jazz.jpg 1000w, https:\/\/www.helenefm.com\/wordpress\/wp-content\/uploads\/2018\/10\/harry-clarck-jeudi-jazz-300x200.jpg 300w, https:\/\/www.helenefm.com\/wordpress\/wp-content\/uploads\/2018\/10\/harry-clarck-jeudi-jazz-768x512.jpg 768w\" sizes=\"auto, (max-width: 1000px) 100vw, 1000px\" \/><br \/>\n<strong>Avec Harry CLARCK<\/strong><\/p>\n<p>Tous les jeudis soirs<br \/>\nde 21h \u00e0 22h30<br \/>\nLes plus grands morceaux de jazz<\/p>\n<hr>\n<p><strong>Ecouter la derni\u00e8re \u00e9mission en replay :<\/strong><\/p>\n<audio class=\"wp-audio-shortcode\" id=\"audio-29067-1\" preload=\"none\" style=\"width: 100%;\" controls=\"controls\"><source type=\"audio\/mpeg\" src=\"http:\/\/www.helenefm.com\/replay\/jazz1.mp3?_=1\" \/><a href=\"http:\/\/www.helenefm.com\/replay\/jazz1.mp3\">http:\/\/www.helenefm.com\/replay\/jazz1.mp3<\/a><\/audio>\n<audio class=\"wp-audio-shortcode\" id=\"audio-29067-2\" preload=\"none\" style=\"width: 100%;\" controls=\"controls\"><source type=\"audio\/mpeg\" src=\"http:\/\/www.helenefm.com\/replay\/jazz2.mp3?_=2\" \/><a href=\"http:\/\/www.helenefm.com\/replay\/jazz2.mp3\">http:\/\/www.helenefm.com\/replay\/jazz2.mp3<\/a><\/audio>\n","protected":false},"excerpt":{"rendered":"<p>Avec Harry CLARCK Tous les jeudis soirs de 21h \u00e0 22h30 Les plus grands morceaux de jazz Ecouter la derni\u00e8re \u00e9mission en replay :<\/p>\n","protected":false},"author":1,"featured_media":0,"parent":0,"menu_order":0,"comment_status":"closed","ping_status":"closed","template":"","meta":{"_monsterinsights_skip_tracking":false,"_monsterinsights_sitenote_active":false,"_monsterinsights_sitenote_note":"","_monsterinsights_sitenote_category":0,"footnotes":""},"class_list":["post-29067","page","type-page","status-publish","hentry"],"jetpack_sharing_enabled":true,"jetpack_shortlink":"https:\/\/wp.me\/P48eP9-7yP","_links":{"self":[{"href":"https:\/\/www.helenefm.com\/index.php?rest_route=\/wp\/v2\/pages\/29067","targetHints":{"allow":["GET"]}}],"collection":[{"href":"https:\/\/www.helenefm.com\/index.php?rest_route=\/wp\/v2\/pages"}],"about":[{"href":"https:\/\/www.helenefm.com\/index.php?rest_route=\/wp\/v2\/types\/page"}],"author":[{"embeddable":true,"href":"https:\/\/www.helenefm.com\/index.php?rest_route=\/wp\/v2\/users\/1"}],"replies":[{"embeddable":true,"href":"https:\/\/www.helenefm.com\/index.php?rest_route=%2Fwp%2Fv2%2Fcomments&post=29067"}],"version-history":[{"count":5,"href":"https:\/\/www.helenefm.com\/index.php?rest_route=\/wp\/v2\/pages\/29067\/revisions"}],"predecessor-version":[{"id":42707,"href":"https:\/\/www.helenefm.com\/index.php?rest_route=\/wp\/v2\/pages\/29067\/revisions\/42707"}],"wp:attachment":[{"href":"https:\/\/www.helenefm.com\/index.php?rest_route=%2Fwp%2Fv2%2Fmedia&parent=29067"}],"curies":[{"name":"wp","href":"https:\/\/api.w.org\/{rel}","templated":true}]}}