{"id":29060,"date":"2018-06-17T07:41:44","date_gmt":"2018-06-17T05:41:44","guid":{"rendered":"http:\/\/www.helenefm.com\/?page_id=29060"},"modified":"2024-05-22T10:29:35","modified_gmt":"2024-05-22T08:29:35","slug":"la-boite-a-musette-3","status":"publish","type":"page","link":"https:\/\/www.helenefm.com\/?page_id=29060","title":{"rendered":"LA BO\u00ceTE \u00c0 MUSETTE"},"content":{"rendered":"<p><img loading=\"lazy\" decoding=\"async\" data-attachment-id=\"51710\" data-permalink=\"https:\/\/www.helenefm.com\/?attachment_id=51710\" data-orig-file=\"https:\/\/www.helenefm.com\/wordpress\/wp-content\/uploads\/2022\/09\/laurence-peneaud-2022.jpg\" data-orig-size=\"1200,900\" data-comments-opened=\"0\" data-image-meta=\"{&quot;aperture&quot;:&quot;1.9&quot;,&quot;credit&quot;:&quot;&quot;,&quot;camera&quot;:&quot;SM-A310F&quot;,&quot;caption&quot;:&quot;&quot;,&quot;created_timestamp&quot;:&quot;1664196589&quot;,&quot;copyright&quot;:&quot;&quot;,&quot;focal_length&quot;:&quot;3.7&quot;,&quot;iso&quot;:&quot;40&quot;,&quot;shutter_speed&quot;:&quot;0.03030303030303&quot;,&quot;title&quot;:&quot;&quot;,&quot;orientation&quot;:&quot;1&quot;}\" data-image-title=\"laurence peneaud 2022\" data-image-description=\"\" data-image-caption=\"\" data-large-file=\"https:\/\/www.helenefm.com\/wordpress\/wp-content\/uploads\/2022\/09\/laurence-peneaud-2022-1024x768.jpg\" class=\"aligncenter wp-image-51710 size-full\" src=\"https:\/\/www.helenefm.com\/wordpress\/wp-content\/uploads\/2022\/09\/laurence-peneaud-2022.jpg\" alt=\"\" width=\"1200\" height=\"900\" srcset=\"https:\/\/www.helenefm.com\/wordpress\/wp-content\/uploads\/2022\/09\/laurence-peneaud-2022.jpg 1200w, https:\/\/www.helenefm.com\/wordpress\/wp-content\/uploads\/2022\/09\/laurence-peneaud-2022-300x225.jpg 300w, https:\/\/www.helenefm.com\/wordpress\/wp-content\/uploads\/2022\/09\/laurence-peneaud-2022-1024x768.jpg 1024w, https:\/\/www.helenefm.com\/wordpress\/wp-content\/uploads\/2022\/09\/laurence-peneaud-2022-768x576.jpg 768w\" sizes=\"auto, (max-width: 1200px) 100vw, 1200px\" \/><br \/>\n<strong>Avec Laurence PENEAUD<\/strong><\/p>\n<p>Tous les mercredis soirs<br \/>\nde 20h \u00e0 23h<br \/>\nRetrouvez les plus grands airs d\u2019accord\u00e9on dans une ambiance tr\u00e8s d\u00e9contract\u00e9e<\/p>\n<hr>\n<p><strong>Ecouter la derni\u00e8re \u00e9mission en podcast :<\/strong><\/p>\n<audio class=\"wp-audio-shortcode\" id=\"audio-29060-1\" preload=\"none\" style=\"width: 100%;\" controls=\"controls\"><source type=\"audio\/mpeg\" src=\"http:\/\/www.helenefm.com\/replay\/musette3.mp3?_=1\" \/><a href=\"http:\/\/www.helenefm.com\/replay\/musette3.mp3\">http:\/\/www.helenefm.com\/replay\/musette3.mp3<\/a><\/audio>\n<audio class=\"wp-audio-shortcode\" id=\"audio-29060-2\" preload=\"none\" style=\"width: 100%;\" controls=\"controls\"><source type=\"audio\/mpeg\" src=\"http:\/\/www.helenefm.com\/replay\/musette4.mp3?_=2\" \/><a href=\"http:\/\/www.helenefm.com\/replay\/musette4.mp3\">http:\/\/www.helenefm.com\/replay\/musette4.mp3<\/a><\/audio>\n<audio class=\"wp-audio-shortcode\" id=\"audio-29060-3\" preload=\"none\" style=\"width: 100%;\" controls=\"controls\"><source type=\"audio\/mpeg\" src=\"http:\/\/www.helenefm.com\/replay\/musette5.mp3?_=3\" \/><a href=\"http:\/\/www.helenefm.com\/replay\/musette5.mp3\">http:\/\/www.helenefm.com\/replay\/musette5.mp3<\/a><\/audio>\n<p>&nbsp;<\/p>\n<hr>\n<p><strong>Passer une d\u00e9dicace :<\/strong><\/p>\n\n<div class=\"wpcf7 no-js\" id=\"wpcf7-f10262-o1\" lang=\"fr-FR\" dir=\"ltr\" data-wpcf7-id=\"10262\">\n<div class=\"screen-reader-response\"><p role=\"status\" aria-live=\"polite\" aria-atomic=\"true\"><\/p> <ul><\/ul><\/div>\n<form action=\"\/index.php?rest_route=%2Fwp%2Fv2%2Fpages%2F29060#wpcf7-f10262-o1\" method=\"post\" class=\"wpcf7-form init\" aria-label=\"Formulaire de contact\" novalidate=\"novalidate\" data-status=\"init\">\n<fieldset class=\"hidden-fields-container\"><input type=\"hidden\" name=\"_wpcf7\" value=\"10262\" \/><input type=\"hidden\" name=\"_wpcf7_version\" value=\"6.1.5\" \/><input type=\"hidden\" name=\"_wpcf7_locale\" value=\"fr_FR\" \/><input type=\"hidden\" name=\"_wpcf7_unit_tag\" value=\"wpcf7-f10262-o1\" \/><input type=\"hidden\" name=\"_wpcf7_container_post\" value=\"0\" \/><input type=\"hidden\" name=\"_wpcf7_posted_data_hash\" value=\"\" \/>\n<\/fieldset>\n<p>Titre\n<\/p>\n<p><span class=\"wpcf7-form-control-wrap\" data-name=\"your-name\"><input size=\"40\" maxlength=\"400\" class=\"wpcf7-form-control wpcf7-text wpcf7-validates-as-required\" aria-required=\"true\" aria-invalid=\"false\" value=\"\" type=\"text\" name=\"your-name\" \/><\/span>\n<\/p>\n<p>Artiste\n<\/p>\n<p><span class=\"wpcf7-form-control-wrap\" data-name=\"your-surname\"><input size=\"40\" maxlength=\"400\" class=\"wpcf7-form-control wpcf7-text wpcf7-validates-as-required\" aria-required=\"true\" aria-invalid=\"false\" value=\"\" type=\"text\" name=\"your-surname\" \/><\/span>\n<\/p>\n<p><span class=\"wpcf7-form-control-wrap\" data-name=\"checkbox-767\"><span class=\"wpcf7-form-control wpcf7-checkbox wpcf7-exclusive-checkbox\"><span class=\"wpcf7-list-item first\"><input type=\"checkbox\" name=\"checkbox-767\" value=\"Mercredi soir\" \/><span class=\"wpcf7-list-item-label\">Mercredi soir<\/span><\/span><span class=\"wpcf7-list-item last\"><input type=\"checkbox\" name=\"checkbox-767\" value=\"Dimanche matin\" \/><span class=\"wpcf7-list-item-label\">Dimanche matin<\/span><\/span><\/span><\/span>\n<\/p>\n<p>Votre email\n<\/p>\n<p><span class=\"wpcf7-form-control-wrap\" data-name=\"your-email\"><input size=\"40\" maxlength=\"400\" class=\"wpcf7-form-control wpcf7-email wpcf7-validates-as-required wpcf7-text wpcf7-validates-as-email\" aria-required=\"true\" aria-invalid=\"false\" value=\"\" type=\"email\" name=\"your-email\" \/><\/span>\n<\/p>\n<p>Votre d\u00e9dicace\n<\/p>\n<p><span class=\"wpcf7-form-control-wrap\" data-name=\"your-message\"><textarea cols=\"40\" rows=\"10\" maxlength=\"2000\" class=\"wpcf7-form-control wpcf7-textarea\" aria-invalid=\"false\" name=\"your-message\"><\/textarea><\/span>\n<\/p>\n<p><span class=\"wpcf7-form-control-wrap\" data-name=\"acceptance-853\"><span class=\"wpcf7-form-control wpcf7-acceptance\"><span class=\"wpcf7-list-item\"><input type=\"checkbox\" name=\"acceptance-853\" value=\"1\" aria-invalid=\"false\" \/><\/span><\/span><\/span> Merci de bien vouloir confirmer votre demande.\n<\/p>\n<p><input class=\"wpcf7-form-control wpcf7-submit has-spinner\" type=\"submit\" value=\"Envoyer\" \/>\n<\/p><div class=\"wpcf7-response-output\" aria-hidden=\"true\"><\/div>\n<\/form>\n<\/div>\n\n","protected":false},"excerpt":{"rendered":"<p>Avec Laurence PENEAUD Tous les mercredis soirs de 20h \u00e0 23h Retrouvez les plus grands airs d\u2019accord\u00e9on dans une ambiance tr\u00e8s d\u00e9contract\u00e9e Ecouter la derni\u00e8re \u00e9mission en podcast : &nbsp; Passer une<a class=\"moretag\" href=\"https:\/\/www.helenefm.com\/?page_id=29060\">Lire la suite&#8230;<\/a><\/p>\n","protected":false},"author":1,"featured_media":0,"parent":0,"menu_order":0,"comment_status":"closed","ping_status":"closed","template":"","meta":{"_monsterinsights_skip_tracking":false,"_monsterinsights_sitenote_active":false,"_monsterinsights_sitenote_note":"","_monsterinsights_sitenote_category":0,"jetpack_post_was_ever_published":false,"footnotes":""},"class_list":["post-29060","page","type-page","status-publish","hentry"],"jetpack_sharing_enabled":true,"jetpack_shortlink":"https:\/\/wp.me\/P48eP9-7yI","_links":{"self":[{"href":"https:\/\/www.helenefm.com\/index.php?rest_route=\/wp\/v2\/pages\/29060","targetHints":{"allow":["GET"]}}],"collection":[{"href":"https:\/\/www.helenefm.com\/index.php?rest_route=\/wp\/v2\/pages"}],"about":[{"href":"https:\/\/www.helenefm.com\/index.php?rest_route=\/wp\/v2\/types\/page"}],"author":[{"embeddable":true,"href":"https:\/\/www.helenefm.com\/index.php?rest_route=\/wp\/v2\/users\/1"}],"replies":[{"embeddable":true,"href":"https:\/\/www.helenefm.com\/index.php?rest_route=%2Fwp%2Fv2%2Fcomments&post=29060"}],"version-history":[{"count":34,"href":"https:\/\/www.helenefm.com\/index.php?rest_route=\/wp\/v2\/pages\/29060\/revisions"}],"predecessor-version":[{"id":60436,"href":"https:\/\/www.helenefm.com\/index.php?rest_route=\/wp\/v2\/pages\/29060\/revisions\/60436"}],"wp:attachment":[{"href":"https:\/\/www.helenefm.com\/index.php?rest_route=%2Fwp%2Fv2%2Fmedia&parent=29060"}],"curies":[{"name":"wp","href":"https:\/\/api.w.org\/{rel}","templated":true}]}}