{"id":20233,"date":"2017-02-11T09:00:25","date_gmt":"2017-02-11T08:00:25","guid":{"rendered":"http:\/\/www.helenefm.com\/?page_id=20233"},"modified":"2026-05-02T11:25:18","modified_gmt":"2026-05-02T09:25:18","slug":"helene-fm-voyance","status":"publish","type":"page","link":"https:\/\/www.helenefm.com\/?page_id=20233","title":{"rendered":"VOYANCE EN DIRECT"},"content":{"rendered":"<p><img loading=\"lazy\" decoding=\"async\" data-attachment-id=\"31618\" data-permalink=\"https:\/\/www.helenefm.com\/?attachment_id=31618\" data-orig-file=\"https:\/\/www.helenefm.com\/wordpress\/wp-content\/uploads\/2018\/11\/marie-dominic-1.jpg\" data-orig-size=\"1000,680\" data-comments-opened=\"0\" data-image-meta=\"{&quot;aperture&quot;:&quot;4&quot;,&quot;credit&quot;:&quot;&quot;,&quot;camera&quot;:&quot;NIKON D3100&quot;,&quot;caption&quot;:&quot;&quot;,&quot;created_timestamp&quot;:&quot;1542019229&quot;,&quot;copyright&quot;:&quot;&quot;,&quot;focal_length&quot;:&quot;18&quot;,&quot;iso&quot;:&quot;400&quot;,&quot;shutter_speed&quot;:&quot;0.016666666666667&quot;,&quot;title&quot;:&quot;&quot;,&quot;orientation&quot;:&quot;1&quot;}\" data-image-title=\"marie dominic 1\" data-image-description=\"\" data-image-caption=\"\" data-large-file=\"https:\/\/www.helenefm.com\/wordpress\/wp-content\/uploads\/2018\/11\/marie-dominic-1.jpg\" width=\"1000\" height=\"680\" class=\"size-full wp-image-31618 aligncenter\" alt=\"\" src=\"http:\/\/www.helenefm.com\/wordpress\/wp-content\/uploads\/2018\/11\/marie-dominic-1.jpg\" srcset=\"https:\/\/www.helenefm.com\/wordpress\/wp-content\/uploads\/2018\/11\/marie-dominic-1.jpg 1000w, https:\/\/www.helenefm.com\/wordpress\/wp-content\/uploads\/2018\/11\/marie-dominic-1-300x204.jpg 300w, https:\/\/www.helenefm.com\/wordpress\/wp-content\/uploads\/2018\/11\/marie-dominic-1-768x522.jpg 768w\" sizes=\"auto, (max-width: 1000px) 100vw, 1000px\" \/><br \/>\nLe 2e lundi du mois, de 11h \u00e0 12h, <strong>Marie-Dominic&nbsp;r\u00e9pond gratuitement \u00e0 toutes vos questions<\/strong>&nbsp;: amour, travail, argent&#8230; Elle vous dit tout sur votre avenir sentimental, professionnel ou financier.&nbsp;M\u00e9dium exp\u00e9riment\u00e9e, Marie-Dominic&nbsp;exerce son don depuis des ann\u00e9es.<\/p>\n<p><strong>PROCHAINE EMISSION LE LUNDI 11 MAI.<\/strong><\/p>\n<hr>\n<p><strong>Inscrivez-vous pour participer \u00e0 l\u2019\u00e9mission en remplissant le formulaire ci-dessous :<\/strong><\/p>\n\n<div class=\"wpcf7 no-js\" id=\"wpcf7-f13573-o1\" lang=\"fr-FR\" dir=\"ltr\" data-wpcf7-id=\"13573\">\n<div class=\"screen-reader-response\"><p role=\"status\" aria-live=\"polite\" aria-atomic=\"true\"><\/p> <ul><\/ul><\/div>\n<form action=\"\/index.php?rest_route=%2Fwp%2Fv2%2Fpages%2F20233#wpcf7-f13573-o1\" method=\"post\" class=\"wpcf7-form init\" aria-label=\"Formulaire de contact\" novalidate=\"novalidate\" data-status=\"init\">\n<fieldset class=\"hidden-fields-container\"><input type=\"hidden\" name=\"_wpcf7\" value=\"13573\" \/><input type=\"hidden\" name=\"_wpcf7_version\" value=\"6.1.5\" \/><input type=\"hidden\" name=\"_wpcf7_locale\" value=\"fr_FR\" \/><input type=\"hidden\" name=\"_wpcf7_unit_tag\" value=\"wpcf7-f13573-o1\" \/><input type=\"hidden\" name=\"_wpcf7_container_post\" value=\"0\" \/><input type=\"hidden\" name=\"_wpcf7_posted_data_hash\" value=\"\" \/>\n<\/fieldset>\n<p>Pr\u00e9nom\n<\/p>\n<p><span class=\"wpcf7-form-control-wrap\" data-name=\"your-surname\"><input size=\"40\" maxlength=\"400\" class=\"wpcf7-form-control wpcf7-text wpcf7-validates-as-required\" aria-required=\"true\" aria-invalid=\"false\" value=\"\" type=\"text\" name=\"your-surname\" \/><\/span>\n<\/p>\n<p>T\u00e9l\u00e9phone\n<\/p>\n<p><span class=\"wpcf7-form-control-wrap\" data-name=\"telephone\"><input size=\"40\" maxlength=\"400\" class=\"wpcf7-form-control wpcf7-text wpcf7-validates-as-required\" aria-required=\"true\" aria-invalid=\"false\" value=\"\" type=\"text\" name=\"telephone\" \/><\/span>\n<\/p>\n<p>Indiquez la question que vous souhaitez poser \u00e0 Marie Dominic\n<\/p>\n<p><span class=\"wpcf7-form-control-wrap\" data-name=\"your-message\"><textarea cols=\"40\" rows=\"10\" maxlength=\"2000\" class=\"wpcf7-form-control wpcf7-textarea\" aria-invalid=\"false\" name=\"your-message\"><\/textarea><\/span>\n<\/p>\n<p><span class=\"wpcf7-form-control-wrap\" data-name=\"acceptance-853\"><span class=\"wpcf7-form-control wpcf7-acceptance\"><span class=\"wpcf7-list-item\"><input type=\"checkbox\" name=\"acceptance-853\" value=\"1\" aria-invalid=\"false\" \/><\/span><\/span><\/span> Merci de bien vouloir confirmer votre inscription.\n<\/p>\n<p><input class=\"wpcf7-form-control wpcf7-submit has-spinner\" type=\"submit\" value=\"Envoyer\" \/>\n<\/p><div class=\"wpcf7-response-output\" aria-hidden=\"true\"><\/div>\n<\/form>\n<\/div>\n\n","protected":false},"excerpt":{"rendered":"<p>Le 2e lundi du mois, de 11h \u00e0 12h, Marie-Dominic&nbsp;r\u00e9pond gratuitement \u00e0 toutes vos questions&nbsp;: amour, travail, argent&#8230; Elle vous dit tout sur votre avenir sentimental, professionnel ou financier.&nbsp;M\u00e9dium exp\u00e9riment\u00e9e, Marie-Dominic&nbsp;exerce son<a class=\"moretag\" href=\"https:\/\/www.helenefm.com\/?page_id=20233\">Lire la suite&#8230;<\/a><\/p>\n","protected":false},"author":1,"featured_media":0,"parent":0,"menu_order":0,"comment_status":"closed","ping_status":"closed","template":"","meta":{"_monsterinsights_skip_tracking":false,"_monsterinsights_sitenote_active":false,"_monsterinsights_sitenote_note":"","_monsterinsights_sitenote_category":0,"footnotes":""},"class_list":["post-20233","page","type-page","status-publish","hentry"],"jetpack_sharing_enabled":true,"jetpack_shortlink":"https:\/\/wp.me\/P48eP9-5gl","_links":{"self":[{"href":"https:\/\/www.helenefm.com\/index.php?rest_route=\/wp\/v2\/pages\/20233","targetHints":{"allow":["GET"]}}],"collection":[{"href":"https:\/\/www.helenefm.com\/index.php?rest_route=\/wp\/v2\/pages"}],"about":[{"href":"https:\/\/www.helenefm.com\/index.php?rest_route=\/wp\/v2\/types\/page"}],"author":[{"embeddable":true,"href":"https:\/\/www.helenefm.com\/index.php?rest_route=\/wp\/v2\/users\/1"}],"replies":[{"embeddable":true,"href":"https:\/\/www.helenefm.com\/index.php?rest_route=%2Fwp%2Fv2%2Fcomments&post=20233"}],"version-history":[{"count":107,"href":"https:\/\/www.helenefm.com\/index.php?rest_route=\/wp\/v2\/pages\/20233\/revisions"}],"predecessor-version":[{"id":70039,"href":"https:\/\/www.helenefm.com\/index.php?rest_route=\/wp\/v2\/pages\/20233\/revisions\/70039"}],"wp:attachment":[{"href":"https:\/\/www.helenefm.com\/index.php?rest_route=%2Fwp%2Fv2%2Fmedia&parent=20233"}],"curies":[{"name":"wp","href":"https:\/\/api.w.org\/{rel}","templated":true}]}}