{"id":20227,"date":"2017-02-11T08:58:44","date_gmt":"2017-02-11T07:58:44","guid":{"rendered":"http:\/\/www.helenefm.com\/?page_id=20227"},"modified":"2021-10-08T14:20:31","modified_gmt":"2021-10-08T12:20:31","slug":"scene-ouverte","status":"publish","type":"page","link":"https:\/\/www.helenefm.com\/?page_id=20227","title":{"rendered":"SC\u00c8NE OUVERTE"},"content":{"rendered":"<p><img loading=\"lazy\" decoding=\"async\" data-attachment-id=\"31619\" data-permalink=\"https:\/\/www.helenefm.com\/?attachment_id=31619\" data-orig-file=\"https:\/\/www.helenefm.com\/wordpress\/wp-content\/uploads\/2018\/11\/stephane-couzinet.jpg\" data-orig-size=\"1000,615\" data-comments-opened=\"0\" data-image-meta=\"{&quot;aperture&quot;:&quot;3.5&quot;,&quot;credit&quot;:&quot;&quot;,&quot;camera&quot;:&quot;NIKON D3100&quot;,&quot;caption&quot;:&quot;&quot;,&quot;created_timestamp&quot;:&quot;1542015609&quot;,&quot;copyright&quot;:&quot;&quot;,&quot;focal_length&quot;:&quot;22&quot;,&quot;iso&quot;:&quot;800&quot;,&quot;shutter_speed&quot;:&quot;0.016666666666667&quot;,&quot;title&quot;:&quot;&quot;,&quot;orientation&quot;:&quot;1&quot;}\" data-image-title=\"stephane couzinet\" data-image-description=\"\" data-image-caption=\"\" data-large-file=\"https:\/\/www.helenefm.com\/wordpress\/wp-content\/uploads\/2018\/11\/stephane-couzinet.jpg\" class=\"size-full wp-image-31619 aligncenter\" src=\"http:\/\/www.helenefm.com\/wordpress\/wp-content\/uploads\/2018\/11\/stephane-couzinet.jpg\" alt=\"\" width=\"1000\" height=\"615\" srcset=\"https:\/\/www.helenefm.com\/wordpress\/wp-content\/uploads\/2018\/11\/stephane-couzinet.jpg 1000w, https:\/\/www.helenefm.com\/wordpress\/wp-content\/uploads\/2018\/11\/stephane-couzinet-300x185.jpg 300w, https:\/\/www.helenefm.com\/wordpress\/wp-content\/uploads\/2018\/11\/stephane-couzinet-768x472.jpg 768w\" sizes=\"auto, (max-width: 1000px) 100vw, 1000px\" \/><br \/>\n<strong>Avec St\u00e9phane COUZINET<\/strong><\/p>\n<p>Tous les vendredis soirs<br \/>\nde 20h \u00e0 21h<br \/>\nRencontre avec les groupes et les artistes de la r\u00e9gion, lives acoustiques\u2026<\/p>\n<hr>\n<p><a href=\"http:\/\/www.helenefm.com\/?cat=54\"><strong>Ecouter l&rsquo;\u00e9mission en replay<\/strong><\/a><\/p>\n<hr>\n<p style=\"text-align: left;\"><strong>Vous souhaitez participer \u00e0 l&rsquo;\u00e9mission, remplissez le formulaire de contact et envoyez vos d\u00e9mos, articles de presse, bios, etc.<\/strong><\/p>\n<p style=\"text-align: left;\">\n<div class=\"wpcf7 no-js\" id=\"wpcf7-f11152-o1\" lang=\"fr-FR\" dir=\"ltr\" data-wpcf7-id=\"11152\">\n<div class=\"screen-reader-response\"><p role=\"status\" aria-live=\"polite\" aria-atomic=\"true\"><\/p> <ul><\/ul><\/div>\n<form action=\"\/index.php?rest_route=%2Fwp%2Fv2%2Fpages%2F20227#wpcf7-f11152-o1\" method=\"post\" class=\"wpcf7-form init\" aria-label=\"Formulaire de contact\" enctype=\"multipart\/form-data\" novalidate=\"novalidate\" data-status=\"init\">\n<fieldset class=\"hidden-fields-container\"><input type=\"hidden\" name=\"_wpcf7\" value=\"11152\" \/><input type=\"hidden\" name=\"_wpcf7_version\" value=\"6.1.5\" \/><input type=\"hidden\" name=\"_wpcf7_locale\" value=\"fr_FR\" \/><input type=\"hidden\" name=\"_wpcf7_unit_tag\" value=\"wpcf7-f11152-o1\" \/><input type=\"hidden\" name=\"_wpcf7_container_post\" value=\"0\" \/><input type=\"hidden\" name=\"_wpcf7_posted_data_hash\" value=\"\" \/>\n<\/fieldset>\n<p>Nom\n<\/p>\n<p><span class=\"wpcf7-form-control-wrap\" data-name=\"your-name\"><input size=\"40\" maxlength=\"400\" class=\"wpcf7-form-control wpcf7-text wpcf7-validates-as-required\" aria-required=\"true\" aria-invalid=\"false\" value=\"\" type=\"text\" name=\"your-name\" \/><\/span>\n<\/p>\n<p>Email\n<\/p>\n<p><span class=\"wpcf7-form-control-wrap\" data-name=\"your-email\"><input size=\"40\" maxlength=\"400\" class=\"wpcf7-form-control wpcf7-email wpcf7-validates-as-required wpcf7-text wpcf7-validates-as-email\" aria-required=\"true\" aria-invalid=\"false\" value=\"\" type=\"email\" name=\"your-email\" \/><\/span>\n<\/p>\n<p>Objet\n<\/p>\n<p><span class=\"wpcf7-form-control-wrap\" data-name=\"your-subject\"><input size=\"40\" maxlength=\"400\" class=\"wpcf7-form-control wpcf7-text\" aria-invalid=\"false\" value=\"\" type=\"text\" name=\"your-subject\" \/><\/span>\n<\/p>\n<p>Joindre un fichier\n<\/p>\n<p><span class=\"wpcf7-form-control-wrap\" data-name=\"file-250\"><input size=\"40\" class=\"wpcf7-form-control wpcf7-file\" accept=\"audio\/*,video\/*,image\/*\" aria-invalid=\"false\" type=\"file\" name=\"file-250\" \/><\/span>\n<\/p>\n<p>Votre message\n<\/p>\n<p><span class=\"wpcf7-form-control-wrap\" data-name=\"your-message\"><textarea cols=\"40\" rows=\"10\" maxlength=\"2000\" class=\"wpcf7-form-control wpcf7-textarea\" aria-invalid=\"false\" name=\"your-message\"><\/textarea><\/span>\n<\/p>\n<p><span class=\"wpcf7-form-control-wrap\" data-name=\"acceptance-853\"><span class=\"wpcf7-form-control wpcf7-acceptance\"><span class=\"wpcf7-list-item\"><input type=\"checkbox\" name=\"acceptance-853\" value=\"1\" aria-invalid=\"false\" \/><\/span><\/span><\/span> Merci de bien vouloir confirmer votre envoi.\n<\/p>\n<p><input class=\"wpcf7-form-control wpcf7-submit has-spinner\" type=\"submit\" value=\"Envoyer\" \/>\n<\/p><div class=\"wpcf7-response-output\" aria-hidden=\"true\"><\/div>\n<\/form>\n<\/div>\n\n","protected":false},"excerpt":{"rendered":"<p>Avec St\u00e9phane COUZINET Tous les vendredis soirs de 20h \u00e0 21h Rencontre avec les groupes et les artistes de la r\u00e9gion, lives acoustiques\u2026 Ecouter l&rsquo;\u00e9mission en replay Vous souhaitez participer \u00e0 l&rsquo;\u00e9mission,<a class=\"moretag\" href=\"https:\/\/www.helenefm.com\/?page_id=20227\">Lire la suite&#8230;<\/a><\/p>\n","protected":false},"author":1,"featured_media":0,"parent":0,"menu_order":0,"comment_status":"closed","ping_status":"closed","template":"","meta":{"_monsterinsights_skip_tracking":false,"_monsterinsights_sitenote_active":false,"_monsterinsights_sitenote_note":"","_monsterinsights_sitenote_category":0,"jetpack_post_was_ever_published":false,"footnotes":""},"class_list":["post-20227","page","type-page","status-publish","hentry"],"jetpack_sharing_enabled":true,"jetpack_shortlink":"https:\/\/wp.me\/P48eP9-5gf","_links":{"self":[{"href":"https:\/\/www.helenefm.com\/index.php?rest_route=\/wp\/v2\/pages\/20227","targetHints":{"allow":["GET"]}}],"collection":[{"href":"https:\/\/www.helenefm.com\/index.php?rest_route=\/wp\/v2\/pages"}],"about":[{"href":"https:\/\/www.helenefm.com\/index.php?rest_route=\/wp\/v2\/types\/page"}],"author":[{"embeddable":true,"href":"https:\/\/www.helenefm.com\/index.php?rest_route=\/wp\/v2\/users\/1"}],"replies":[{"embeddable":true,"href":"https:\/\/www.helenefm.com\/index.php?rest_route=%2Fwp%2Fv2%2Fcomments&post=20227"}],"version-history":[{"count":18,"href":"https:\/\/www.helenefm.com\/index.php?rest_route=\/wp\/v2\/pages\/20227\/revisions"}],"predecessor-version":[{"id":46217,"href":"https:\/\/www.helenefm.com\/index.php?rest_route=\/wp\/v2\/pages\/20227\/revisions\/46217"}],"wp:attachment":[{"href":"https:\/\/www.helenefm.com\/index.php?rest_route=%2Fwp%2Fv2%2Fmedia&parent=20227"}],"curies":[{"name":"wp","href":"https:\/\/api.w.org\/{rel}","templated":true}]}}